{"id":12,"date":"2015-06-18T15:58:25","date_gmt":"2015-06-18T19:58:25","guid":{"rendered":"http:\/\/promenadesduboise.com\/?page_id=12&#038;lang=fr"},"modified":"2026-01-29T15:32:49","modified_gmt":"2026-01-29T20:32:49","slug":"page-principale","status":"publish","type":"page","link":"https:\/\/promenadesduboise.com\/fr\/","title":{"rendered":"Promenades du Bois\u00e9"},"content":{"rendered":"<p>Situ\u00e9es en bordure de l\u2019autoroute 440, \u00e0 Laval, les Promenades du Bois\u00e9 ont \u00e9t\u00e9 inaugur\u00e9es en 2016. Ce centre commercial aux accents architecturaux m\u00e9diterran\u00e9ens propose un environnement accueillant et vert, o\u00f9 proximit\u00e9 et convivialit\u00e9 vont de pair. Imagin\u00e9es afin de r\u00e9pondre aux besoins des familles ayant \u00e0 c\u0153ur le milieu au sein duquel elles \u00e9voluent, les Promenades du Bois\u00e9 constituent un choix remarquable pour le commer\u00e7ant, le restaurateur ou le boutiquier qui d\u00e9sire offrir \u00e0 ses clients une exp\u00e9rience unique.<\/p>\n","protected":false},"excerpt":{"rendered":"<p>Situ\u00e9es en bordure de l\u2019autoroute 440, \u00e0 Laval, les Promenades du Bois\u00e9 ont \u00e9t\u00e9 inaugur\u00e9es en 2016. Ce centre commercial aux accents architecturaux m\u00e9diterran\u00e9ens propose un environnement accueillant et vert, o\u00f9 proximit\u00e9 et convivialit\u00e9 vont de pair. Imagin\u00e9es afin de r\u00e9pondre aux besoins des familles ayant \u00e0 c\u0153ur le milieu au sein duquel elles \u00e9voluent, &hellip; <a href=\"https:\/\/promenadesduboise.com\/fr\/\" class=\"more-link\">Continue reading <span class=\"screen-reader-text\">Promenades du Bois\u00e9<\/span><\/a><\/p>\n","protected":false},"author":1,"featured_media":0,"parent":0,"menu_order":0,"comment_status":"open","ping_status":"open","template":"templates\/frontpage.php","meta":{"_acf_changed":false,"footnotes":""},"class_list":["post-12","page","type-page","status-publish","hentry"],"acf":[],"yoast_head":"<!-- This site is optimized with the Yoast SEO plugin v26.8 - https:\/\/yoast.com\/product\/yoast-seo-wordpress\/ -->\n<title>Promenades du Bois\u00e9, Espaces commerciaux<\/title>\n<meta name=\"description\" content=\"Promenades du bois\u00e9. Espaces commerciaux de prestige. Ouverture pr\u00e9vue d\u00e8s 2016. Contactez-nous pour plus d&#039;information\" \/>\n<meta name=\"robots\" content=\"index, follow, max-snippet:-1, max-image-preview:large, max-video-preview:-1\" \/>\n<link rel=\"canonical\" href=\"https:\/\/promenadesduboise.com\/fr\/\" \/>\n<meta property=\"og:locale\" content=\"fr_FR\" \/>\n<meta property=\"og:type\" content=\"article\" \/>\n<meta property=\"og:title\" content=\"Promenades du Bois\u00e9, Espaces commerciaux\" \/>\n<meta property=\"og:description\" content=\"Promenades du bois\u00e9. Espaces commerciaux de prestige. Ouverture pr\u00e9vue d\u00e8s 2016. Contactez-nous pour plus d&#039;information\" \/>\n<meta property=\"og:url\" content=\"https:\/\/promenadesduboise.com\/fr\/\" \/>\n<meta property=\"og:site_name\" content=\"Promenades du Bois\u00e9\" \/>\n<meta property=\"article:modified_time\" content=\"2026-01-29T20:32:49+00:00\" \/>\n<meta name=\"twitter:card\" content=\"summary_large_image\" \/>\n<meta name=\"twitter:label1\" content=\"Dur\u00e9e de lecture estim\u00e9e\" \/>\n\t<meta name=\"twitter:data1\" content=\"1 minute\" \/>\n<script type=\"application\/ld+json\" class=\"yoast-schema-graph\">{\"@context\":\"https:\/\/schema.org\",\"@graph\":[{\"@type\":\"WebPage\",\"@id\":\"https:\/\/promenadesduboise.com\/fr\/\",\"url\":\"https:\/\/promenadesduboise.com\/fr\/\",\"name\":\"Promenades du Bois\u00e9, Espaces commerciaux\",\"isPartOf\":{\"@id\":\"https:\/\/promenadesduboise.com\/#website\"},\"datePublished\":\"2015-06-18T19:58:25+00:00\",\"dateModified\":\"2026-01-29T20:32:49+00:00\",\"description\":\"Promenades du bois\u00e9. Espaces commerciaux de prestige. Ouverture pr\u00e9vue d\u00e8s 2016. Contactez-nous pour plus d'information\",\"breadcrumb\":{\"@id\":\"https:\/\/promenadesduboise.com\/fr\/#breadcrumb\"},\"inLanguage\":\"fr-FR\",\"potentialAction\":[{\"@type\":\"ReadAction\",\"target\":[\"https:\/\/promenadesduboise.com\/fr\/\"]}]},{\"@type\":\"BreadcrumbList\",\"@id\":\"https:\/\/promenadesduboise.com\/fr\/#breadcrumb\",\"itemListElement\":[{\"@type\":\"ListItem\",\"position\":1,\"name\":\"Home\",\"item\":\"https:\/\/promenadesduboise.com\/fr\/\"},{\"@type\":\"ListItem\",\"position\":2,\"name\":\"Promenades du Bois\u00e9\"}]},{\"@type\":\"WebSite\",\"@id\":\"https:\/\/promenadesduboise.com\/#website\",\"url\":\"https:\/\/promenadesduboise.com\/\",\"name\":\"Promenades du Bois\u00e9\",\"description\":\"\",\"potentialAction\":[{\"@type\":\"SearchAction\",\"target\":{\"@type\":\"EntryPoint\",\"urlTemplate\":\"https:\/\/promenadesduboise.com\/?s={search_term_string}\"},\"query-input\":{\"@type\":\"PropertyValueSpecification\",\"valueRequired\":true,\"valueName\":\"search_term_string\"}}],\"inLanguage\":\"fr-FR\"}]}<\/script>\n<!-- \/ Yoast SEO plugin. -->","yoast_head_json":{"title":"Promenades du Bois\u00e9, Espaces commerciaux","description":"Promenades du bois\u00e9. Espaces commerciaux de prestige. Ouverture pr\u00e9vue d\u00e8s 2016. Contactez-nous pour plus d'information","robots":{"index":"index","follow":"follow","max-snippet":"max-snippet:-1","max-image-preview":"max-image-preview:large","max-video-preview":"max-video-preview:-1"},"canonical":"https:\/\/promenadesduboise.com\/fr\/","og_locale":"fr_FR","og_type":"article","og_title":"Promenades du Bois\u00e9, Espaces commerciaux","og_description":"Promenades du bois\u00e9. Espaces commerciaux de prestige. Ouverture pr\u00e9vue d\u00e8s 2016. Contactez-nous pour plus d'information","og_url":"https:\/\/promenadesduboise.com\/fr\/","og_site_name":"Promenades du Bois\u00e9","article_modified_time":"2026-01-29T20:32:49+00:00","twitter_card":"summary_large_image","twitter_misc":{"Dur\u00e9e de lecture estim\u00e9e":"1 minute"},"schema":{"@context":"https:\/\/schema.org","@graph":[{"@type":"WebPage","@id":"https:\/\/promenadesduboise.com\/fr\/","url":"https:\/\/promenadesduboise.com\/fr\/","name":"Promenades du Bois\u00e9, Espaces commerciaux","isPartOf":{"@id":"https:\/\/promenadesduboise.com\/#website"},"datePublished":"2015-06-18T19:58:25+00:00","dateModified":"2026-01-29T20:32:49+00:00","description":"Promenades du bois\u00e9. Espaces commerciaux de prestige. Ouverture pr\u00e9vue d\u00e8s 2016. Contactez-nous pour plus d'information","breadcrumb":{"@id":"https:\/\/promenadesduboise.com\/fr\/#breadcrumb"},"inLanguage":"fr-FR","potentialAction":[{"@type":"ReadAction","target":["https:\/\/promenadesduboise.com\/fr\/"]}]},{"@type":"BreadcrumbList","@id":"https:\/\/promenadesduboise.com\/fr\/#breadcrumb","itemListElement":[{"@type":"ListItem","position":1,"name":"Home","item":"https:\/\/promenadesduboise.com\/fr\/"},{"@type":"ListItem","position":2,"name":"Promenades du Bois\u00e9"}]},{"@type":"WebSite","@id":"https:\/\/promenadesduboise.com\/#website","url":"https:\/\/promenadesduboise.com\/","name":"Promenades du Bois\u00e9","description":"","potentialAction":[{"@type":"SearchAction","target":{"@type":"EntryPoint","urlTemplate":"https:\/\/promenadesduboise.com\/?s={search_term_string}"},"query-input":{"@type":"PropertyValueSpecification","valueRequired":true,"valueName":"search_term_string"}}],"inLanguage":"fr-FR"}]}},"_links":{"self":[{"href":"https:\/\/promenadesduboise.com\/fr\/wp-json\/wp\/v2\/pages\/12","targetHints":{"allow":["GET"]}}],"collection":[{"href":"https:\/\/promenadesduboise.com\/fr\/wp-json\/wp\/v2\/pages"}],"about":[{"href":"https:\/\/promenadesduboise.com\/fr\/wp-json\/wp\/v2\/types\/page"}],"author":[{"embeddable":true,"href":"https:\/\/promenadesduboise.com\/fr\/wp-json\/wp\/v2\/users\/1"}],"replies":[{"embeddable":true,"href":"https:\/\/promenadesduboise.com\/fr\/wp-json\/wp\/v2\/comments?post=12"}],"version-history":[{"count":64,"href":"https:\/\/promenadesduboise.com\/fr\/wp-json\/wp\/v2\/pages\/12\/revisions"}],"predecessor-version":[{"id":28309,"href":"https:\/\/promenadesduboise.com\/fr\/wp-json\/wp\/v2\/pages\/12\/revisions\/28309"}],"wp:attachment":[{"href":"https:\/\/promenadesduboise.com\/fr\/wp-json\/wp\/v2\/media?parent=12"}],"curies":[{"name":"wp","href":"https:\/\/api.w.org\/{rel}","templated":true}]}}